{"id":252,"date":"2020-04-26T18:51:02","date_gmt":"2020-04-26T18:51:02","guid":{"rendered":"https:\/\/www.oilfieldmx.com\/catalogo\/?post_type=product&#038;p=252"},"modified":"2020-04-26T18:51:03","modified_gmt":"2020-04-26T18:51:03","slug":"cortador-de-tubo-giro-constante-1-8-1-1-8-tubbing-cutter-constant-swing-1-8-1-1-8","status":"publish","type":"product","link":"https:\/\/www.oilfieldmx.com\/catalogo\/product\/cortador-de-tubo-giro-constante-1-8-1-1-8-tubbing-cutter-constant-swing-1-8-1-1-8\/","title":{"rendered":"Cortador de Tubo Giro Constante 1\/8 &#8211; 1 1\/8\u201d\u2013 Tubbing Cutter, Constant Swing 1\/8 &#8211; 1 1\/8\u201d"},"content":{"rendered":"","protected":false},"excerpt":{"rendered":"<p><strong>Desc: \u00a0<\/strong>Cortador de Tubo Giro Constante Modelo 150 \u2013 Tubbing Cutter, Constant Swing Model 150<\/p>\n<ul>\n<li>Cuentan con un tornillo de avance cerrado para evitar obturaciones y atascos, rodillos ranurados que efect\u00faan cortes cerca de acampanado, y un escariador plegable hacia afuera.<\/li>\n<li>El pomo X-CEL\u00ae corta tubos con mayor rapidez y facilidad gracias a los dise\u00f1os m\u00e1s grandes y ergon\u00f3micos.<\/li>\n<li>Pasador de cuchilla X-CEL: cambia la cuchilla con rapidez gracias al nuevo dise\u00f1o de ret\u00e9n esf\u00e9rico\u2026 \u00a1no hacen falta herramientas y no se pierden clips!<\/li>\n<li>El pomo contiene una cuchilla de repuesto.<\/li>\n<li><strong>Corta tuber\u00edas de cobre, lat\u00f3n y aluminio, y conductos de pared delgada.<\/strong><\/li>\n<\/ul>\n<p><strong>Rango de Capacidad: <\/strong>1\/8 \u2013 1-1\/8\u201d<\/p>\n<p><strong>PN:<\/strong> 31622<\/p>\n<p><strong>Disponible\/Available:<\/strong> 1 pcs<\/p>\n<p><strong>Condici\u00f3n\/Condition:<\/strong> Nuevo\/New<\/p>\n","protected":false},"featured_media":254,"template":"","meta":[],"product_brand":[],"product_cat":[15],"product_tag":[],"class_list":{"0":"post-252","1":"product","2":"type-product","3":"status-publish","6":"product_cat-herramientas","8":"first","9":"instock","10":"shipping-taxable","11":"product-type-simple"},"_links":{"self":[{"href":"https:\/\/www.oilfieldmx.com\/catalogo\/wp-json\/wp\/v2\/product\/252","targetHints":{"allow":["GET"]}}],"collection":[{"href":"https:\/\/www.oilfieldmx.com\/catalogo\/wp-json\/wp\/v2\/product"}],"about":[{"href":"https:\/\/www.oilfieldmx.com\/catalogo\/wp-json\/wp\/v2\/types\/product"}],"wp:featuredmedia":[{"embeddable":true,"href":"https:\/\/www.oilfieldmx.com\/catalogo\/wp-json\/wp\/v2\/media\/254"}],"wp:attachment":[{"href":"https:\/\/www.oilfieldmx.com\/catalogo\/wp-json\/wp\/v2\/media?parent=252"}],"wp:term":[{"taxonomy":"product_brand","embeddable":true,"href":"https:\/\/www.oilfieldmx.com\/catalogo\/wp-json\/wp\/v2\/product_brand?post=252"},{"taxonomy":"product_cat","embeddable":true,"href":"https:\/\/www.oilfieldmx.com\/catalogo\/wp-json\/wp\/v2\/product_cat?post=252"},{"taxonomy":"product_tag","embeddable":true,"href":"https:\/\/www.oilfieldmx.com\/catalogo\/wp-json\/wp\/v2\/product_tag?post=252"}],"curies":[{"name":"wp","href":"https:\/\/api.w.org\/{rel}","templated":true}]}}