{"id":246,"date":"2020-04-26T18:23:37","date_gmt":"2020-04-26T18:23:37","guid":{"rendered":"https:\/\/www.oilfieldmx.com\/catalogo\/?post_type=product&#038;p=246"},"modified":"2020-04-26T18:23:37","modified_gmt":"2020-04-26T18:23:37","slug":"llave-ajustable-8l-crescent-wrench-8l","status":"publish","type":"product","link":"https:\/\/www.oilfieldmx.com\/catalogo\/product\/llave-ajustable-8l-crescent-wrench-8l\/","title":{"rendered":"Llave Ajustable, 8\u201dL  \u2013 Crescent Wrench, 8\u201dL"},"content":{"rendered":"","protected":false},"excerpt":{"rendered":"<p><strong>Desc: \u00a0<\/strong>Llave Ajustable, 8\u201dL\u00a0 \u2013 Crescent Wrench, 8\u201dL<\/p>\n<ul>\n<li>Aleaci\u00f3n de acero de gran calidad.<\/li>\n<li>Chapado basado en n\u00edquel con acabado pulido para reducir el \u00f3xido y la corrosi\u00f3n.<\/li>\n<li>Producto forjado y termotratado para alargar su vida \u00fatil y su durabilidad.<\/li>\n<li>Escalas de mordazas en unidades SAE y m\u00e9tricas para un ajuste r\u00e1pido.<\/li>\n<\/ul>\n<p>Apertura de la Morddaza: \u00a07\/8 Pulg<\/p>\n<p><strong>PN:<\/strong> 86907<\/p>\n<p><strong>Disponible\/Available:<\/strong> 1 pcs<\/p>\n<p><strong>Condici\u00f3n\/Condition:<\/strong> Nuevo\/New<\/p>\n","protected":false},"featured_media":239,"template":"","meta":[],"product_brand":[],"product_cat":[15],"product_tag":[],"class_list":{"0":"post-246","1":"product","2":"type-product","3":"status-publish","6":"product_cat-herramientas","8":"first","9":"instock","10":"shipping-taxable","11":"product-type-simple"},"_links":{"self":[{"href":"https:\/\/www.oilfieldmx.com\/catalogo\/wp-json\/wp\/v2\/product\/246","targetHints":{"allow":["GET"]}}],"collection":[{"href":"https:\/\/www.oilfieldmx.com\/catalogo\/wp-json\/wp\/v2\/product"}],"about":[{"href":"https:\/\/www.oilfieldmx.com\/catalogo\/wp-json\/wp\/v2\/types\/product"}],"wp:featuredmedia":[{"embeddable":true,"href":"https:\/\/www.oilfieldmx.com\/catalogo\/wp-json\/wp\/v2\/media\/239"}],"wp:attachment":[{"href":"https:\/\/www.oilfieldmx.com\/catalogo\/wp-json\/wp\/v2\/media?parent=246"}],"wp:term":[{"taxonomy":"product_brand","embeddable":true,"href":"https:\/\/www.oilfieldmx.com\/catalogo\/wp-json\/wp\/v2\/product_brand?post=246"},{"taxonomy":"product_cat","embeddable":true,"href":"https:\/\/www.oilfieldmx.com\/catalogo\/wp-json\/wp\/v2\/product_cat?post=246"},{"taxonomy":"product_tag","embeddable":true,"href":"https:\/\/www.oilfieldmx.com\/catalogo\/wp-json\/wp\/v2\/product_tag?post=246"}],"curies":[{"name":"wp","href":"https:\/\/api.w.org\/{rel}","templated":true}]}}